{"id":2682,"date":"2026-01-10T16:38:31","date_gmt":"2026-01-10T13:38:31","guid":{"rendered":"https:\/\/skydive-zanzibar.com\/?post_type=product&#038;p=2682"},"modified":"2026-01-10T18:29:12","modified_gmt":"2026-01-10T15:29:12","slug":"buff-orange","status":"publish","type":"product","link":"https:\/\/skydive-zanzibar.com\/pl\/produkt\/buff-orange\/","title":{"rendered":"Buff \u2013 Pomara\u0144czowy"},"content":{"rendered":"<p>Orange Buff \u2013 wszechstronny, bezszwowy r\u0119kaw z mikrofibry, noszony jako wielofunkcyjne nakrycie g\u0142owy i szyi zapewniaj\u0105ce ochron\u0119 i komfort podczas r\u00f3\u017cnych aktywno\u015bci na \u015bwie\u017cym powietrzu, mog\u0105cy s\u0142u\u017cy\u0107 jako szalik, opaska na g\u0142ow\u0119, maska na twarz, kominiarka lub czapka, dostosowuj\u0105cy si\u0119 do utrzymywania ciep\u0142a w zimnie, ch\u0142odu w upale i chroni\u0105cy przed s\u0142o\u0144cem, wiatrem i kurzem.<\/p>","protected":false},"excerpt":{"rendered":"<p>Ochronny nakrycie g\u0142owy Orange Buff<\/p>","protected":false},"featured_media":2683,"template":"","meta":[],"product_brand":[],"product_cat":[36],"product_tag":[],"class_list":{"0":"post-2682","1":"product","2":"type-product","3":"status-publish","4":"has-post-thumbnail","6":"product_cat-headwear","8":"first","9":"instock","10":"shipping-taxable","11":"product-type-simple"},"yoast_head":"<!-- This site is optimized with the Yoast SEO plugin v27.2 - https:\/\/yoast.com\/product\/yoast-seo-wordpress\/ -->\n<title>Buff - Orange - Skydive Zanzibar<\/title>\n<meta name=\"robots\" content=\"index, follow, max-snippet:-1, max-image-preview:large, max-video-preview:-1\" \/>\n<link rel=\"canonical\" href=\"https:\/\/skydive-zanzibar.com\/pl\/produkt\/buff-orange\/\" \/>\n<meta property=\"og:locale\" content=\"pl_PL\" \/>\n<meta property=\"og:type\" content=\"article\" \/>\n<meta property=\"og:title\" content=\"Buff - Orange - Skydive Zanzibar\" \/>\n<meta property=\"og:description\" content=\"Orange Buff protective headwear\" \/>\n<meta property=\"og:url\" content=\"https:\/\/skydive-zanzibar.com\/pl\/produkt\/buff-orange\/\" \/>\n<meta property=\"og:site_name\" content=\"Skydive Zanzibar\" \/>\n<meta property=\"article:modified_time\" content=\"2026-01-10T15:29:12+00:00\" \/>\n<meta property=\"og:image\" content=\"https:\/\/skydive-zanzibar.com\/wp-content\/uploads\/2026\/01\/Buff-Orange-001.jpg\" \/>\n\t<meta property=\"og:image:width\" content=\"1080\" \/>\n\t<meta property=\"og:image:height\" content=\"1350\" \/>\n\t<meta property=\"og:image:type\" content=\"image\/jpeg\" \/>\n<meta name=\"twitter:card\" content=\"summary_large_image\" \/>\n<meta name=\"twitter:label1\" content=\"Szacowany czas czytania\" \/>\n\t<meta name=\"twitter:data1\" content=\"1 minuta\" \/>\n<script type=\"application\/ld+json\" class=\"yoast-schema-graph\">{\"@context\":\"https:\/\/schema.org\",\"@graph\":[{\"@type\":\"WebPage\",\"@id\":\"https:\/\/skydive-zanzibar.com\/product\/buff-orange\/\",\"url\":\"https:\/\/skydive-zanzibar.com\/product\/buff-orange\/\",\"name\":\"Buff - Orange - Skydive Zanzibar\",\"isPartOf\":{\"@id\":\"https:\/\/skydive-zanzibar.com\/#website\"},\"primaryImageOfPage\":{\"@id\":\"https:\/\/skydive-zanzibar.com\/product\/buff-orange\/#primaryimage\"},\"image\":{\"@id\":\"https:\/\/skydive-zanzibar.com\/product\/buff-orange\/#primaryimage\"},\"thumbnailUrl\":\"https:\/\/skydive-zanzibar.com\/wp-content\/uploads\/2026\/01\/Buff-Orange-001.jpg\",\"datePublished\":\"2026-01-10T13:38:31+00:00\",\"dateModified\":\"2026-01-10T15:29:12+00:00\",\"breadcrumb\":{\"@id\":\"https:\/\/skydive-zanzibar.com\/product\/buff-orange\/#breadcrumb\"},\"inLanguage\":\"pl-PL\",\"potentialAction\":[{\"@type\":\"ReadAction\",\"target\":[\"https:\/\/skydive-zanzibar.com\/product\/buff-orange\/\"]}]},{\"@type\":\"ImageObject\",\"inLanguage\":\"pl-PL\",\"@id\":\"https:\/\/skydive-zanzibar.com\/product\/buff-orange\/#primaryimage\",\"url\":\"https:\/\/skydive-zanzibar.com\/wp-content\/uploads\/2026\/01\/Buff-Orange-001.jpg\",\"contentUrl\":\"https:\/\/skydive-zanzibar.com\/wp-content\/uploads\/2026\/01\/Buff-Orange-001.jpg\",\"width\":1080,\"height\":1350},{\"@type\":\"BreadcrumbList\",\"@id\":\"https:\/\/skydive-zanzibar.com\/product\/buff-orange\/#breadcrumb\",\"itemListElement\":[{\"@type\":\"ListItem\",\"position\":1,\"name\":\"Home\",\"item\":\"https:\/\/skydive-zanzibar.com\/\"},{\"@type\":\"ListItem\",\"position\":2,\"name\":\"Shop\",\"item\":\"https:\/\/skydive-zanzibar.com\/shop\/\"},{\"@type\":\"ListItem\",\"position\":3,\"name\":\"Buff &#8211; Orange\"}]},{\"@type\":\"WebSite\",\"@id\":\"https:\/\/skydive-zanzibar.com\/#website\",\"url\":\"https:\/\/skydive-zanzibar.com\/\",\"name\":\"Skydive Zanzibar\",\"description\":\"\",\"potentialAction\":[{\"@type\":\"SearchAction\",\"target\":{\"@type\":\"EntryPoint\",\"urlTemplate\":\"https:\/\/skydive-zanzibar.com\/?s={search_term_string}\"},\"query-input\":{\"@type\":\"PropertyValueSpecification\",\"valueRequired\":true,\"valueName\":\"search_term_string\"}}],\"inLanguage\":\"pl-PL\"}]}<\/script>\n<!-- \/ Yoast SEO plugin. -->","yoast_head_json":{"title":"Buff - Orange - Skydive Zanzibar","robots":{"index":"index","follow":"follow","max-snippet":"max-snippet:-1","max-image-preview":"max-image-preview:large","max-video-preview":"max-video-preview:-1"},"canonical":"https:\/\/skydive-zanzibar.com\/pl\/produkt\/buff-orange\/","og_locale":"pl_PL","og_type":"article","og_title":"Buff - Orange - Skydive Zanzibar","og_description":"Orange Buff protective headwear","og_url":"https:\/\/skydive-zanzibar.com\/pl\/produkt\/buff-orange\/","og_site_name":"Skydive Zanzibar","article_modified_time":"2026-01-10T15:29:12+00:00","og_image":[{"width":1080,"height":1350,"url":"https:\/\/skydive-zanzibar.com\/wp-content\/uploads\/2026\/01\/Buff-Orange-001.jpg","type":"image\/jpeg"}],"twitter_card":"summary_large_image","twitter_misc":{"Szacowany czas czytania":"1 minuta"},"schema":{"@context":"https:\/\/schema.org","@graph":[{"@type":"WebPage","@id":"https:\/\/skydive-zanzibar.com\/product\/buff-orange\/","url":"https:\/\/skydive-zanzibar.com\/product\/buff-orange\/","name":"Buff - Orange - Skydive Zanzibar","isPartOf":{"@id":"https:\/\/skydive-zanzibar.com\/#website"},"primaryImageOfPage":{"@id":"https:\/\/skydive-zanzibar.com\/product\/buff-orange\/#primaryimage"},"image":{"@id":"https:\/\/skydive-zanzibar.com\/product\/buff-orange\/#primaryimage"},"thumbnailUrl":"https:\/\/skydive-zanzibar.com\/wp-content\/uploads\/2026\/01\/Buff-Orange-001.jpg","datePublished":"2026-01-10T13:38:31+00:00","dateModified":"2026-01-10T15:29:12+00:00","breadcrumb":{"@id":"https:\/\/skydive-zanzibar.com\/product\/buff-orange\/#breadcrumb"},"inLanguage":"pl-PL","potentialAction":[{"@type":"ReadAction","target":["https:\/\/skydive-zanzibar.com\/product\/buff-orange\/"]}]},{"@type":"ImageObject","inLanguage":"pl-PL","@id":"https:\/\/skydive-zanzibar.com\/product\/buff-orange\/#primaryimage","url":"https:\/\/skydive-zanzibar.com\/wp-content\/uploads\/2026\/01\/Buff-Orange-001.jpg","contentUrl":"https:\/\/skydive-zanzibar.com\/wp-content\/uploads\/2026\/01\/Buff-Orange-001.jpg","width":1080,"height":1350},{"@type":"BreadcrumbList","@id":"https:\/\/skydive-zanzibar.com\/product\/buff-orange\/#breadcrumb","itemListElement":[{"@type":"ListItem","position":1,"name":"Home","item":"https:\/\/skydive-zanzibar.com\/"},{"@type":"ListItem","position":2,"name":"Shop","item":"https:\/\/skydive-zanzibar.com\/shop\/"},{"@type":"ListItem","position":3,"name":"Buff &#8211; Orange"}]},{"@type":"WebSite","@id":"https:\/\/skydive-zanzibar.com\/#website","url":"https:\/\/skydive-zanzibar.com\/","name":"Skok spadochronowy Zanzibar","description":"","potentialAction":[{"@type":"SearchAction","target":{"@type":"EntryPoint","urlTemplate":"https:\/\/skydive-zanzibar.com\/?s={search_term_string}"},"query-input":{"@type":"PropertyValueSpecification","valueRequired":true,"valueName":"search_term_string"}}],"inLanguage":"pl-PL"}]}},"_links":{"self":[{"href":"https:\/\/skydive-zanzibar.com\/pl\/wp-json\/wp\/v2\/product\/2682","targetHints":{"allow":["GET"]}}],"collection":[{"href":"https:\/\/skydive-zanzibar.com\/pl\/wp-json\/wp\/v2\/product"}],"about":[{"href":"https:\/\/skydive-zanzibar.com\/pl\/wp-json\/wp\/v2\/types\/product"}],"wp:featuredmedia":[{"embeddable":true,"href":"https:\/\/skydive-zanzibar.com\/pl\/wp-json\/wp\/v2\/media\/2683"}],"wp:attachment":[{"href":"https:\/\/skydive-zanzibar.com\/pl\/wp-json\/wp\/v2\/media?parent=2682"}],"wp:term":[{"taxonomy":"product_brand","embeddable":true,"href":"https:\/\/skydive-zanzibar.com\/pl\/wp-json\/wp\/v2\/product_brand?post=2682"},{"taxonomy":"product_cat","embeddable":true,"href":"https:\/\/skydive-zanzibar.com\/pl\/wp-json\/wp\/v2\/product_cat?post=2682"},{"taxonomy":"product_tag","embeddable":true,"href":"https:\/\/skydive-zanzibar.com\/pl\/wp-json\/wp\/v2\/product_tag?post=2682"}],"curies":[{"name":"wp","href":"https:\/\/api.w.org\/{rel}","templated":true}]}}