{"id":2653,"date":"2026-01-10T16:23:11","date_gmt":"2026-01-10T13:23:11","guid":{"rendered":"https:\/\/skydive-zanzibar.com\/?post_type=product&#038;p=2653"},"modified":"2026-01-10T16:24:13","modified_gmt":"2026-01-10T13:24:13","slug":"swoop-shorts","status":"publish","type":"product","link":"https:\/\/skydive-zanzibar.com\/fr\/produit\/swoop-shorts\/","title":{"rendered":"Short Swoop"},"content":{"rendered":"<p>Ce short sp\u00e9cialis\u00e9 et r\u00e9sistant est con\u00e7u pour le pilotage sous voile en parachutisme, offrant performance, confort et protection lors de man\u0153uvres \u00e0 grande vitesse et \u00e0 basse altitude. Il est dot\u00e9 de genoux et d&#039;une assise renforc\u00e9s (souvent rembourr\u00e9s), de tissus flexibles (comme le Lycra\/Spandex) et de poches strat\u00e9giques pour ranger des \u00e9quipements tels que des altim\u00e8tres, offrant moins de r\u00e9sistance \u00e0 l&#039;air qu&#039;un pantalon complet mais plus de protection qu&#039;un short ordinaire.<\/p>","protected":false},"excerpt":{"rendered":"<p>Short Swoop pour plus de s\u00e9curit\u00e9 et de durabilit\u00e9<\/p>","protected":false},"featured_media":2657,"template":"","meta":[],"product_brand":[],"product_cat":[32],"product_tag":[],"class_list":{"0":"post-2653","1":"product","2":"type-product","3":"status-publish","4":"has-post-thumbnail","6":"product_cat-clothing","8":"first","9":"instock","10":"shipping-taxable","11":"product-type-simple"},"yoast_head":"<!-- This site is optimized with the Yoast SEO plugin v27.2 - https:\/\/yoast.com\/product\/yoast-seo-wordpress\/ -->\n<title>Swoop Shorts - Skydive Zanzibar<\/title>\n<meta name=\"robots\" content=\"index, follow, max-snippet:-1, max-image-preview:large, max-video-preview:-1\" \/>\n<link rel=\"canonical\" href=\"https:\/\/skydive-zanzibar.com\/fr\/produit\/swoop-shorts\/\" \/>\n<meta property=\"og:locale\" content=\"fr_FR\" \/>\n<meta property=\"og:type\" content=\"article\" \/>\n<meta property=\"og:title\" content=\"Swoop Shorts - Skydive Zanzibar\" \/>\n<meta property=\"og:description\" content=\"Swoop shorts for safety and durability\" \/>\n<meta property=\"og:url\" content=\"https:\/\/skydive-zanzibar.com\/fr\/produit\/swoop-shorts\/\" \/>\n<meta property=\"og:site_name\" content=\"Skydive Zanzibar\" \/>\n<meta property=\"article:modified_time\" content=\"2026-01-10T13:24:13+00:00\" \/>\n<meta property=\"og:image\" content=\"https:\/\/skydive-zanzibar.com\/wp-content\/uploads\/2026\/01\/Swoop-Shorts-004.jpg\" \/>\n\t<meta property=\"og:image:width\" content=\"555\" \/>\n\t<meta property=\"og:image:height\" content=\"694\" \/>\n\t<meta property=\"og:image:type\" content=\"image\/jpeg\" \/>\n<meta name=\"twitter:card\" content=\"summary_large_image\" \/>\n<meta name=\"twitter:label1\" content=\"Dur\u00e9e de lecture estim\u00e9e\" \/>\n\t<meta name=\"twitter:data1\" content=\"1 minute\" \/>\n<script type=\"application\/ld+json\" class=\"yoast-schema-graph\">{\"@context\":\"https:\/\/schema.org\",\"@graph\":[{\"@type\":\"WebPage\",\"@id\":\"https:\/\/skydive-zanzibar.com\/product\/swoop-shorts\/\",\"url\":\"https:\/\/skydive-zanzibar.com\/product\/swoop-shorts\/\",\"name\":\"Swoop Shorts - Skydive Zanzibar\",\"isPartOf\":{\"@id\":\"https:\/\/skydive-zanzibar.com\/#website\"},\"primaryImageOfPage\":{\"@id\":\"https:\/\/skydive-zanzibar.com\/product\/swoop-shorts\/#primaryimage\"},\"image\":{\"@id\":\"https:\/\/skydive-zanzibar.com\/product\/swoop-shorts\/#primaryimage\"},\"thumbnailUrl\":\"https:\/\/skydive-zanzibar.com\/wp-content\/uploads\/2026\/01\/Swoop-Shorts-004.jpg\",\"datePublished\":\"2026-01-10T13:23:11+00:00\",\"dateModified\":\"2026-01-10T13:24:13+00:00\",\"breadcrumb\":{\"@id\":\"https:\/\/skydive-zanzibar.com\/product\/swoop-shorts\/#breadcrumb\"},\"inLanguage\":\"fr-FR\",\"potentialAction\":[{\"@type\":\"ReadAction\",\"target\":[\"https:\/\/skydive-zanzibar.com\/product\/swoop-shorts\/\"]}]},{\"@type\":\"ImageObject\",\"inLanguage\":\"fr-FR\",\"@id\":\"https:\/\/skydive-zanzibar.com\/product\/swoop-shorts\/#primaryimage\",\"url\":\"https:\/\/skydive-zanzibar.com\/wp-content\/uploads\/2026\/01\/Swoop-Shorts-004.jpg\",\"contentUrl\":\"https:\/\/skydive-zanzibar.com\/wp-content\/uploads\/2026\/01\/Swoop-Shorts-004.jpg\",\"width\":555,\"height\":694},{\"@type\":\"BreadcrumbList\",\"@id\":\"https:\/\/skydive-zanzibar.com\/product\/swoop-shorts\/#breadcrumb\",\"itemListElement\":[{\"@type\":\"ListItem\",\"position\":1,\"name\":\"Home\",\"item\":\"https:\/\/skydive-zanzibar.com\/\"},{\"@type\":\"ListItem\",\"position\":2,\"name\":\"Shop\",\"item\":\"https:\/\/skydive-zanzibar.com\/shop\/\"},{\"@type\":\"ListItem\",\"position\":3,\"name\":\"Swoop Shorts\"}]},{\"@type\":\"WebSite\",\"@id\":\"https:\/\/skydive-zanzibar.com\/#website\",\"url\":\"https:\/\/skydive-zanzibar.com\/\",\"name\":\"Skydive Zanzibar\",\"description\":\"\",\"potentialAction\":[{\"@type\":\"SearchAction\",\"target\":{\"@type\":\"EntryPoint\",\"urlTemplate\":\"https:\/\/skydive-zanzibar.com\/?s={search_term_string}\"},\"query-input\":{\"@type\":\"PropertyValueSpecification\",\"valueRequired\":true,\"valueName\":\"search_term_string\"}}],\"inLanguage\":\"fr-FR\"}]}<\/script>\n<!-- \/ Yoast SEO plugin. -->","yoast_head_json":{"title":"Swoop Shorts - Skydive Zanzibar","robots":{"index":"index","follow":"follow","max-snippet":"max-snippet:-1","max-image-preview":"max-image-preview:large","max-video-preview":"max-video-preview:-1"},"canonical":"https:\/\/skydive-zanzibar.com\/fr\/produit\/swoop-shorts\/","og_locale":"fr_FR","og_type":"article","og_title":"Swoop Shorts - Skydive Zanzibar","og_description":"Swoop shorts for safety and durability","og_url":"https:\/\/skydive-zanzibar.com\/fr\/produit\/swoop-shorts\/","og_site_name":"Skydive Zanzibar","article_modified_time":"2026-01-10T13:24:13+00:00","og_image":[{"width":555,"height":694,"url":"https:\/\/skydive-zanzibar.com\/wp-content\/uploads\/2026\/01\/Swoop-Shorts-004.jpg","type":"image\/jpeg"}],"twitter_card":"summary_large_image","twitter_misc":{"Dur\u00e9e de lecture estim\u00e9e":"1 minute"},"schema":{"@context":"https:\/\/schema.org","@graph":[{"@type":"WebPage","@id":"https:\/\/skydive-zanzibar.com\/product\/swoop-shorts\/","url":"https:\/\/skydive-zanzibar.com\/product\/swoop-shorts\/","name":"Swoop Shorts - Skydive Zanzibar","isPartOf":{"@id":"https:\/\/skydive-zanzibar.com\/#website"},"primaryImageOfPage":{"@id":"https:\/\/skydive-zanzibar.com\/product\/swoop-shorts\/#primaryimage"},"image":{"@id":"https:\/\/skydive-zanzibar.com\/product\/swoop-shorts\/#primaryimage"},"thumbnailUrl":"https:\/\/skydive-zanzibar.com\/wp-content\/uploads\/2026\/01\/Swoop-Shorts-004.jpg","datePublished":"2026-01-10T13:23:11+00:00","dateModified":"2026-01-10T13:24:13+00:00","breadcrumb":{"@id":"https:\/\/skydive-zanzibar.com\/product\/swoop-shorts\/#breadcrumb"},"inLanguage":"fr-FR","potentialAction":[{"@type":"ReadAction","target":["https:\/\/skydive-zanzibar.com\/product\/swoop-shorts\/"]}]},{"@type":"ImageObject","inLanguage":"fr-FR","@id":"https:\/\/skydive-zanzibar.com\/product\/swoop-shorts\/#primaryimage","url":"https:\/\/skydive-zanzibar.com\/wp-content\/uploads\/2026\/01\/Swoop-Shorts-004.jpg","contentUrl":"https:\/\/skydive-zanzibar.com\/wp-content\/uploads\/2026\/01\/Swoop-Shorts-004.jpg","width":555,"height":694},{"@type":"BreadcrumbList","@id":"https:\/\/skydive-zanzibar.com\/product\/swoop-shorts\/#breadcrumb","itemListElement":[{"@type":"ListItem","position":1,"name":"Home","item":"https:\/\/skydive-zanzibar.com\/"},{"@type":"ListItem","position":2,"name":"Shop","item":"https:\/\/skydive-zanzibar.com\/shop\/"},{"@type":"ListItem","position":3,"name":"Swoop Shorts"}]},{"@type":"WebSite","@id":"https:\/\/skydive-zanzibar.com\/#website","url":"https:\/\/skydive-zanzibar.com\/","name":"Saut en parachute \u00e0 Zanzibar","description":"","potentialAction":[{"@type":"SearchAction","target":{"@type":"EntryPoint","urlTemplate":"https:\/\/skydive-zanzibar.com\/?s={search_term_string}"},"query-input":{"@type":"PropertyValueSpecification","valueRequired":true,"valueName":"search_term_string"}}],"inLanguage":"fr-FR"}]}},"_links":{"self":[{"href":"https:\/\/skydive-zanzibar.com\/fr\/wp-json\/wp\/v2\/product\/2653","targetHints":{"allow":["GET"]}}],"collection":[{"href":"https:\/\/skydive-zanzibar.com\/fr\/wp-json\/wp\/v2\/product"}],"about":[{"href":"https:\/\/skydive-zanzibar.com\/fr\/wp-json\/wp\/v2\/types\/product"}],"wp:featuredmedia":[{"embeddable":true,"href":"https:\/\/skydive-zanzibar.com\/fr\/wp-json\/wp\/v2\/media\/2657"}],"wp:attachment":[{"href":"https:\/\/skydive-zanzibar.com\/fr\/wp-json\/wp\/v2\/media?parent=2653"}],"wp:term":[{"taxonomy":"product_brand","embeddable":true,"href":"https:\/\/skydive-zanzibar.com\/fr\/wp-json\/wp\/v2\/product_brand?post=2653"},{"taxonomy":"product_cat","embeddable":true,"href":"https:\/\/skydive-zanzibar.com\/fr\/wp-json\/wp\/v2\/product_cat?post=2653"},{"taxonomy":"product_tag","embeddable":true,"href":"https:\/\/skydive-zanzibar.com\/fr\/wp-json\/wp\/v2\/product_tag?post=2653"}],"curies":[{"name":"wp","href":"https:\/\/api.w.org\/{rel}","templated":true}]}}