{"id":2684,"date":"2026-01-10T16:38:56","date_gmt":"2026-01-10T13:38:56","guid":{"rendered":"https:\/\/skydive-zanzibar.com\/?post_type=product&#038;p=2684"},"modified":"2026-01-10T18:29:03","modified_gmt":"2026-01-10T15:29:03","slug":"buff-blue","status":"publish","type":"product","link":"https:\/\/skydive-zanzibar.com\/de\/produkt\/buff-blue\/","title":{"rendered":"Buff \u2013 Blau"},"content":{"rendered":"<p>Hellblauer Buff \u2013 vielseitiger, nahtloser Schlauch aus Mikrofasergewebe, der als multifunktionale Kopf- und Halsbedeckung zum Schutz und Komfort bei verschiedenen Outdoor-Aktivit\u00e4ten getragen wird und als Schal, Stirnband, Gesichtsmaske, Sturmhaube oder M\u00fctze dient. Er passt sich an, um Sie bei K\u00e4lte warm und bei Hitze k\u00fchl zu halten und Sie vor Sonne, Wind und Staub zu sch\u00fctzen.<\/p>","protected":false},"excerpt":{"rendered":"<p>Light blue Buff headwear and neckwear for protection.<\/p>","protected":false},"featured_media":2685,"template":"","meta":[],"product_brand":[],"product_cat":[36],"product_tag":[],"class_list":{"0":"post-2684","1":"product","2":"type-product","3":"status-publish","4":"has-post-thumbnail","6":"product_cat-headwear","8":"first","9":"instock","10":"shipping-taxable","11":"product-type-simple"},"yoast_head":"<!-- This site is optimized with the Yoast SEO plugin v27.2 - https:\/\/yoast.com\/product\/yoast-seo-wordpress\/ -->\n<title>Buff - Blue - Skydive Zanzibar<\/title>\n<meta name=\"robots\" content=\"index, follow, max-snippet:-1, max-image-preview:large, max-video-preview:-1\" \/>\n<link rel=\"canonical\" href=\"https:\/\/skydive-zanzibar.com\/de\/produkt\/buff-blue\/\" \/>\n<meta property=\"og:locale\" content=\"de_DE\" \/>\n<meta property=\"og:type\" content=\"article\" \/>\n<meta property=\"og:title\" content=\"Buff - Blue - Skydive Zanzibar\" \/>\n<meta property=\"og:description\" content=\"Light blue Buff headwear and neckwear for protection.\" \/>\n<meta property=\"og:url\" content=\"https:\/\/skydive-zanzibar.com\/de\/produkt\/buff-blue\/\" \/>\n<meta property=\"og:site_name\" content=\"Skydive Zanzibar\" \/>\n<meta property=\"article:modified_time\" content=\"2026-01-10T15:29:03+00:00\" \/>\n<meta property=\"og:image\" content=\"https:\/\/skydive-zanzibar.com\/wp-content\/uploads\/2026\/01\/Buff-Blue-001.jpg\" \/>\n\t<meta property=\"og:image:width\" content=\"1080\" \/>\n\t<meta property=\"og:image:height\" content=\"1350\" \/>\n\t<meta property=\"og:image:type\" content=\"image\/jpeg\" \/>\n<meta name=\"twitter:card\" content=\"summary_large_image\" \/>\n<meta name=\"twitter:label1\" content=\"Gesch\u00e4tzte Lesezeit\" \/>\n\t<meta name=\"twitter:data1\" content=\"1\u00a0Minute\" \/>\n<script type=\"application\/ld+json\" class=\"yoast-schema-graph\">{\"@context\":\"https:\/\/schema.org\",\"@graph\":[{\"@type\":\"WebPage\",\"@id\":\"https:\/\/skydive-zanzibar.com\/product\/buff-blue\/\",\"url\":\"https:\/\/skydive-zanzibar.com\/product\/buff-blue\/\",\"name\":\"Buff - Blue - Skydive Zanzibar\",\"isPartOf\":{\"@id\":\"https:\/\/skydive-zanzibar.com\/#website\"},\"primaryImageOfPage\":{\"@id\":\"https:\/\/skydive-zanzibar.com\/product\/buff-blue\/#primaryimage\"},\"image\":{\"@id\":\"https:\/\/skydive-zanzibar.com\/product\/buff-blue\/#primaryimage\"},\"thumbnailUrl\":\"https:\/\/skydive-zanzibar.com\/wp-content\/uploads\/2026\/01\/Buff-Blue-001.jpg\",\"datePublished\":\"2026-01-10T13:38:56+00:00\",\"dateModified\":\"2026-01-10T15:29:03+00:00\",\"breadcrumb\":{\"@id\":\"https:\/\/skydive-zanzibar.com\/product\/buff-blue\/#breadcrumb\"},\"inLanguage\":\"de\",\"potentialAction\":[{\"@type\":\"ReadAction\",\"target\":[\"https:\/\/skydive-zanzibar.com\/product\/buff-blue\/\"]}]},{\"@type\":\"ImageObject\",\"inLanguage\":\"de\",\"@id\":\"https:\/\/skydive-zanzibar.com\/product\/buff-blue\/#primaryimage\",\"url\":\"https:\/\/skydive-zanzibar.com\/wp-content\/uploads\/2026\/01\/Buff-Blue-001.jpg\",\"contentUrl\":\"https:\/\/skydive-zanzibar.com\/wp-content\/uploads\/2026\/01\/Buff-Blue-001.jpg\",\"width\":1080,\"height\":1350},{\"@type\":\"BreadcrumbList\",\"@id\":\"https:\/\/skydive-zanzibar.com\/product\/buff-blue\/#breadcrumb\",\"itemListElement\":[{\"@type\":\"ListItem\",\"position\":1,\"name\":\"Home\",\"item\":\"https:\/\/skydive-zanzibar.com\/\"},{\"@type\":\"ListItem\",\"position\":2,\"name\":\"Shop\",\"item\":\"https:\/\/skydive-zanzibar.com\/shop\/\"},{\"@type\":\"ListItem\",\"position\":3,\"name\":\"Buff &#8211; Blue\"}]},{\"@type\":\"WebSite\",\"@id\":\"https:\/\/skydive-zanzibar.com\/#website\",\"url\":\"https:\/\/skydive-zanzibar.com\/\",\"name\":\"Skydive Zanzibar\",\"description\":\"\",\"potentialAction\":[{\"@type\":\"SearchAction\",\"target\":{\"@type\":\"EntryPoint\",\"urlTemplate\":\"https:\/\/skydive-zanzibar.com\/?s={search_term_string}\"},\"query-input\":{\"@type\":\"PropertyValueSpecification\",\"valueRequired\":true,\"valueName\":\"search_term_string\"}}],\"inLanguage\":\"de\"}]}<\/script>\n<!-- \/ Yoast SEO plugin. -->","yoast_head_json":{"title":"Buff - Blue - Skydive Zanzibar","robots":{"index":"index","follow":"follow","max-snippet":"max-snippet:-1","max-image-preview":"max-image-preview:large","max-video-preview":"max-video-preview:-1"},"canonical":"https:\/\/skydive-zanzibar.com\/de\/produkt\/buff-blue\/","og_locale":"de_DE","og_type":"article","og_title":"Buff - Blue - Skydive Zanzibar","og_description":"Light blue Buff headwear and neckwear for protection.","og_url":"https:\/\/skydive-zanzibar.com\/de\/produkt\/buff-blue\/","og_site_name":"Skydive Zanzibar","article_modified_time":"2026-01-10T15:29:03+00:00","og_image":[{"width":1080,"height":1350,"url":"https:\/\/skydive-zanzibar.com\/wp-content\/uploads\/2026\/01\/Buff-Blue-001.jpg","type":"image\/jpeg"}],"twitter_card":"summary_large_image","twitter_misc":{"Gesch\u00e4tzte Lesezeit":"1\u00a0Minute"},"schema":{"@context":"https:\/\/schema.org","@graph":[{"@type":"WebPage","@id":"https:\/\/skydive-zanzibar.com\/product\/buff-blue\/","url":"https:\/\/skydive-zanzibar.com\/product\/buff-blue\/","name":"Buff - Blue - Skydive Zanzibar","isPartOf":{"@id":"https:\/\/skydive-zanzibar.com\/#website"},"primaryImageOfPage":{"@id":"https:\/\/skydive-zanzibar.com\/product\/buff-blue\/#primaryimage"},"image":{"@id":"https:\/\/skydive-zanzibar.com\/product\/buff-blue\/#primaryimage"},"thumbnailUrl":"https:\/\/skydive-zanzibar.com\/wp-content\/uploads\/2026\/01\/Buff-Blue-001.jpg","datePublished":"2026-01-10T13:38:56+00:00","dateModified":"2026-01-10T15:29:03+00:00","breadcrumb":{"@id":"https:\/\/skydive-zanzibar.com\/product\/buff-blue\/#breadcrumb"},"inLanguage":"de","potentialAction":[{"@type":"ReadAction","target":["https:\/\/skydive-zanzibar.com\/product\/buff-blue\/"]}]},{"@type":"ImageObject","inLanguage":"de","@id":"https:\/\/skydive-zanzibar.com\/product\/buff-blue\/#primaryimage","url":"https:\/\/skydive-zanzibar.com\/wp-content\/uploads\/2026\/01\/Buff-Blue-001.jpg","contentUrl":"https:\/\/skydive-zanzibar.com\/wp-content\/uploads\/2026\/01\/Buff-Blue-001.jpg","width":1080,"height":1350},{"@type":"BreadcrumbList","@id":"https:\/\/skydive-zanzibar.com\/product\/buff-blue\/#breadcrumb","itemListElement":[{"@type":"ListItem","position":1,"name":"Home","item":"https:\/\/skydive-zanzibar.com\/"},{"@type":"ListItem","position":2,"name":"Shop","item":"https:\/\/skydive-zanzibar.com\/shop\/"},{"@type":"ListItem","position":3,"name":"Buff &#8211; Blue"}]},{"@type":"WebSite","@id":"https:\/\/skydive-zanzibar.com\/#website","url":"https:\/\/skydive-zanzibar.com\/","name":"Fallschirmspringen in Sansibar","description":"","potentialAction":[{"@type":"SearchAction","target":{"@type":"EntryPoint","urlTemplate":"https:\/\/skydive-zanzibar.com\/?s={search_term_string}"},"query-input":{"@type":"PropertyValueSpecification","valueRequired":true,"valueName":"search_term_string"}}],"inLanguage":"de"}]}},"_links":{"self":[{"href":"https:\/\/skydive-zanzibar.com\/de\/wp-json\/wp\/v2\/product\/2684","targetHints":{"allow":["GET"]}}],"collection":[{"href":"https:\/\/skydive-zanzibar.com\/de\/wp-json\/wp\/v2\/product"}],"about":[{"href":"https:\/\/skydive-zanzibar.com\/de\/wp-json\/wp\/v2\/types\/product"}],"wp:featuredmedia":[{"embeddable":true,"href":"https:\/\/skydive-zanzibar.com\/de\/wp-json\/wp\/v2\/media\/2685"}],"wp:attachment":[{"href":"https:\/\/skydive-zanzibar.com\/de\/wp-json\/wp\/v2\/media?parent=2684"}],"wp:term":[{"taxonomy":"product_brand","embeddable":true,"href":"https:\/\/skydive-zanzibar.com\/de\/wp-json\/wp\/v2\/product_brand?post=2684"},{"taxonomy":"product_cat","embeddable":true,"href":"https:\/\/skydive-zanzibar.com\/de\/wp-json\/wp\/v2\/product_cat?post=2684"},{"taxonomy":"product_tag","embeddable":true,"href":"https:\/\/skydive-zanzibar.com\/de\/wp-json\/wp\/v2\/product_tag?post=2684"}],"curies":[{"name":"wp","href":"https:\/\/api.w.org\/{rel}","templated":true}]}}